{"id":96,"date":"2024-06-07T14:07:47","date_gmt":"2024-06-07T14:07:47","guid":{"rendered":"https:\/\/test.hausarzt-gohlis.de\/?page_id=96"},"modified":"2024-06-07T14:07:47","modified_gmt":"2024-06-07T14:07:47","slug":"impressum","status":"publish","type":"page","link":"https:\/\/test.hausarzt-gohlis.de\/?page_id=96","title":{"rendered":"Impressum"},"content":{"rendered":"\n<p>Angaben nach \u00a7 5 Abs. 1 Telemediengesetz<br><br>Hausarztpraxis Sandra Ullmann<br>Lindenthaler Stra\u00dfe 6<br>04155 Leipzig<br><br>Telefon: +49 (0) 341 59 06 908<br>Telefax: +49 (0) 341 59 06 <br>E-Mail: anfrage@hausazt-gohlis.de<br><br>Gesetzliche Berufsbezeichnung (Verliehen in Deutschland):<br>Fach\u00e4rztin f\u00fcr Allgemeinmedizin<br><br>Zust\u00e4ndige Kammer:<br>S\u00e4chsische Landes\u00e4rztekammer, Sch\u00fctzenh\u00f6he 16, 01099 Dresden<br><br>Zust\u00e4ndige Aufsichtsbeh\u00f6rde:<br>Kassen\u00e4rztliche Vereinigung Sachsen<br>Adresse?<br><br>Angaben zur Berufshaftpflichtversicherung<br>Name und Sitz des Versicherers:<br>Beispiel Versicherung AG<br>Musterweg 10<br>90210 Musterstadt<br>Geltungsraum der Versicherung:<br>Deutschland<br><br>Redaktionell verantwortlich<br>Fach\u00e4rztin f\u00fcr Allgemeinmedizin Sandra Ullmann<br><br>EU-Streitschlichtung<br><br>Die Europ\u00e4ische Kommission stellt eine Plattform zur Online-Streitbeilegung (OS) bereit:<br>https:\/\/ec.europa.eu\/consumers\/odr\/.<br>Unsere E-Mail-Adresse finden Sie oben im Impressum.<br><br>Verbraucherstreitbeilegung\/Universalschlichtungsstelle<br><br>Wir sind nicht bereit oder verpflichtet, an Streitbeilegungsverfahren vor einer<br>Verbraucherschlichtungsstelle teilzunehmen.<br><br>Quelle: eRecht24<\/p>\n\n\n\n<p><\/p>\n","protected":false},"excerpt":{"rendered":"<p>Angaben nach \u00a7 5 Abs. 1 Telemediengesetz Hausarztpraxis Sandra UllmannLindenthaler Stra\u00dfe 604155 Leipzig Telefon: +49 (0) 341 59 06 908Telefax: [&hellip;]<\/p>\n","protected":false},"author":1,"featured_media":0,"parent":0,"menu_order":0,"comment_status":"closed","ping_status":"closed","template":"","meta":{"site-sidebar-layout":"default","site-content-layout":"","ast-site-content-layout":"","site-content-style":"default","site-sidebar-style":"default","ast-global-header-display":"","ast-banner-title-visibility":"","ast-main-header-display":"","ast-hfb-above-header-display":"","ast-hfb-below-header-display":"","ast-hfb-mobile-header-display":"","site-post-title":"","ast-breadcrumbs-content":"","ast-featured-img":"","footer-sml-layout":"","theme-transparent-header-meta":"","adv-header-id-meta":"","stick-header-meta":"","header-above-stick-meta":"","header-main-stick-meta":"","header-below-stick-meta":"","astra-migrate-meta-layouts":"default","ast-page-background-enabled":"default","ast-page-background-meta":{"desktop":{"background-color":"var(--ast-global-color-4)","background-image":"","background-repeat":"repeat","background-position":"center center","background-size":"auto","background-attachment":"scroll","background-type":"","background-media":"","overlay-type":"","overlay-color":"","overlay-opacity":"","overlay-gradient":""},"tablet":{"background-color":"","background-image":"","background-repeat":"repeat","background-position":"center center","background-size":"auto","background-attachment":"scroll","background-type":"","background-media":"","overlay-type":"","overlay-color":"","overlay-opacity":"","overlay-gradient":""},"mobile":{"background-color":"","background-image":"","background-repeat":"repeat","background-position":"center center","background-size":"auto","background-attachment":"scroll","background-type":"","background-media":"","overlay-type":"","overlay-color":"","overlay-opacity":"","overlay-gradient":""}},"ast-content-background-meta":{"desktop":{"background-color":"var(--ast-global-color-5)","background-image":"","background-repeat":"repeat","background-position":"center center","background-size":"auto","background-attachment":"scroll","background-type":"","background-media":"","overlay-type":"","overlay-color":"","overlay-opacity":"","overlay-gradient":""},"tablet":{"background-color":"var(--ast-global-color-5)","background-image":"","background-repeat":"repeat","background-position":"center center","background-size":"auto","background-attachment":"scroll","background-type":"","background-media":"","overlay-type":"","overlay-color":"","overlay-opacity":"","overlay-gradient":""},"mobile":{"background-color":"var(--ast-global-color-5)","background-image":"","background-repeat":"repeat","background-position":"center center","background-size":"auto","background-attachment":"scroll","background-type":"","background-media":"","overlay-type":"","overlay-color":"","overlay-opacity":"","overlay-gradient":""}},"footnotes":""},"class_list":["post-96","page","type-page","status-publish","hentry"],"_links":{"self":[{"href":"https:\/\/test.hausarzt-gohlis.de\/index.php?rest_route=\/wp\/v2\/pages\/96","targetHints":{"allow":["GET"]}}],"collection":[{"href":"https:\/\/test.hausarzt-gohlis.de\/index.php?rest_route=\/wp\/v2\/pages"}],"about":[{"href":"https:\/\/test.hausarzt-gohlis.de\/index.php?rest_route=\/wp\/v2\/types\/page"}],"author":[{"embeddable":true,"href":"https:\/\/test.hausarzt-gohlis.de\/index.php?rest_route=\/wp\/v2\/users\/1"}],"replies":[{"embeddable":true,"href":"https:\/\/test.hausarzt-gohlis.de\/index.php?rest_route=%2Fwp%2Fv2%2Fcomments&post=96"}],"version-history":[{"count":1,"href":"https:\/\/test.hausarzt-gohlis.de\/index.php?rest_route=\/wp\/v2\/pages\/96\/revisions"}],"predecessor-version":[{"id":97,"href":"https:\/\/test.hausarzt-gohlis.de\/index.php?rest_route=\/wp\/v2\/pages\/96\/revisions\/97"}],"wp:attachment":[{"href":"https:\/\/test.hausarzt-gohlis.de\/index.php?rest_route=%2Fwp%2Fv2%2Fmedia&parent=96"}],"curies":[{"name":"wp","href":"https:\/\/api.w.org\/{rel}","templated":true}]}}